{"id":46,"date":"2026-02-19T15:09:57","date_gmt":"2026-02-19T14:09:57","guid":{"rendered":"https:\/\/potthoff.vogomedia.de\/?page_id=46"},"modified":"2026-03-09T16:09:27","modified_gmt":"2026-03-09T15:09:27","slug":"projektmanagement","status":"publish","type":"page","link":"https:\/\/potthoff.vogomedia.de\/en\/leistungsspektrum\/projektmanagement\/","title":{"rendered":"Project management"},"content":{"rendered":"<div data-elementor-type=\"wp-page\" data-elementor-id=\"46\" class=\"elementor elementor-46\" data-elementor-settings=\"{&quot;element_pack_global_tooltip_width&quot;:{&quot;unit&quot;:&quot;px&quot;,&quot;size&quot;:&quot;&quot;,&quot;sizes&quot;:[]},&quot;element_pack_global_tooltip_width_tablet&quot;:{&quot;unit&quot;:&quot;px&quot;,&quot;size&quot;:&quot;&quot;,&quot;sizes&quot;:[]},&quot;element_pack_global_tooltip_width_mobile&quot;:{&quot;unit&quot;:&quot;px&quot;,&quot;size&quot;:&quot;&quot;,&quot;sizes&quot;:[]},&quot;element_pack_global_tooltip_padding&quot;:{&quot;unit&quot;:&quot;px&quot;,&quot;top&quot;:&quot;&quot;,&quot;right&quot;:&quot;&quot;,&quot;bottom&quot;:&quot;&quot;,&quot;left&quot;:&quot;&quot;,&quot;isLinked&quot;:true},&quot;element_pack_global_tooltip_padding_tablet&quot;:{&quot;unit&quot;:&quot;px&quot;,&quot;top&quot;:&quot;&quot;,&quot;right&quot;:&quot;&quot;,&quot;bottom&quot;:&quot;&quot;,&quot;left&quot;:&quot;&quot;,&quot;isLinked&quot;:true},&quot;element_pack_global_tooltip_padding_mobile&quot;:{&quot;unit&quot;:&quot;px&quot;,&quot;top&quot;:&quot;&quot;,&quot;right&quot;:&quot;&quot;,&quot;bottom&quot;:&quot;&quot;,&quot;left&quot;:&quot;&quot;,&quot;isLinked&quot;:true},&quot;element_pack_global_tooltip_border_radius&quot;:{&quot;unit&quot;:&quot;px&quot;,&quot;top&quot;:&quot;&quot;,&quot;right&quot;:&quot;&quot;,&quot;bottom&quot;:&quot;&quot;,&quot;left&quot;:&quot;&quot;,&quot;isLinked&quot;:true},&quot;element_pack_global_tooltip_border_radius_tablet&quot;:{&quot;unit&quot;:&quot;px&quot;,&quot;top&quot;:&quot;&quot;,&quot;right&quot;:&quot;&quot;,&quot;bottom&quot;:&quot;&quot;,&quot;left&quot;:&quot;&quot;,&quot;isLinked&quot;:true},&quot;element_pack_global_tooltip_border_radius_mobile&quot;:{&quot;unit&quot;:&quot;px&quot;,&quot;top&quot;:&quot;&quot;,&quot;right&quot;:&quot;&quot;,&quot;bottom&quot;:&quot;&quot;,&quot;left&quot;:&quot;&quot;,&quot;isLinked&quot;:true}}\" data-elementor-post-type=\"page\">\n\t\t\t\t<div class=\"elementor-element elementor-element-8b9f490 e-flex e-con-boxed e-con e-parent\" data-id=\"8b9f490\" data-element_type=\"container\" data-e-type=\"container\">\n\t\t\t\t\t<div class=\"e-con-inner\">\n\t\t\t\t<div class=\"elementor-element elementor-element-40910da elementor-widget elementor-widget-image\" data-id=\"40910da\" data-element_type=\"widget\" data-e-type=\"widget\" data-widget_type=\"image.default\">\n\t\t\t\t\t\t\t\t\t\t\t\t\t\t\t<img fetchpriority=\"high\" decoding=\"async\" width=\"1000\" height=\"417\" src=\"https:\/\/potthoff.vogomedia.de\/wp-content\/uploads\/2026\/03\/projektmanagement-walter-potthoff-b1568658-1024x427.webp\" class=\"attachment-large size-large wp-image-332\" alt=\"\" srcset=\"https:\/\/potthoff.vogomedia.de\/wp-content\/uploads\/2026\/03\/projektmanagement-walter-potthoff-b1568658-1024x427.webp 1024w, https:\/\/potthoff.vogomedia.de\/wp-content\/uploads\/2026\/03\/projektmanagement-walter-potthoff-b1568658-300x125.webp 300w, https:\/\/potthoff.vogomedia.de\/wp-content\/uploads\/2026\/03\/projektmanagement-walter-potthoff-b1568658-768x320.webp 768w, https:\/\/potthoff.vogomedia.de\/wp-content\/uploads\/2026\/03\/projektmanagement-walter-potthoff-b1568658-1536x640.webp 1536w, https:\/\/potthoff.vogomedia.de\/wp-content\/uploads\/2026\/03\/projektmanagement-walter-potthoff-b1568658-18x8.webp 18w, https:\/\/potthoff.vogomedia.de\/wp-content\/uploads\/2026\/03\/projektmanagement-walter-potthoff-b1568658-650x271.webp 650w, https:\/\/potthoff.vogomedia.de\/wp-content\/uploads\/2026\/03\/projektmanagement-walter-potthoff-b1568658.webp 1920w\" sizes=\"(max-width: 1000px) 100vw, 1000px\" \/>\t\t\t\t\t\t\t\t\t\t\t\t\t\t\t<\/div>\n\t\t\t\t\t<\/div>\n\t\t\t\t<\/div>\n\t\t<div class=\"elementor-element elementor-element-3a87f8b e-flex e-con-boxed e-con e-parent\" data-id=\"3a87f8b\" data-element_type=\"container\" data-e-type=\"container\">\n\t\t\t\t\t<div class=\"e-con-inner\">\n\t\t\t\t<div class=\"elementor-element elementor-element-c09ac45 elementor-widget elementor-widget-heading\" data-id=\"c09ac45\" data-element_type=\"widget\" data-e-type=\"widget\" data-widget_type=\"heading.default\">\n\t\t\t\t\t<h1 class=\"elementor-heading-title elementor-size-default\">The key to success in project management is a combination of speed and precision\n<\/h1>\t\t\t\t<\/div>\n\t\t\t\t<div class=\"elementor-element elementor-element-a79505c elementor-widget elementor-widget-text-editor\" data-id=\"a79505c\" data-element_type=\"widget\" data-e-type=\"widget\" data-widget_type=\"text-editor.default\">\n\t\t\t\t\t\t\t\t\t<div class=\"tm-grid-expand uk-child-width-1-1 uk-grid-margin uk-grid uk-grid-stack\"><div class=\"uk-width-1-1@m uk-first-column\"><div id=\"page#1-2-0-0\" class=\"uk-panel uk-text-lead uk-margin-medium uk-text-justify\">In order to implement customer-specific solutions within a tight and predetermined time window, every project (whether an inquiry or a new project) is handled by our professional project management. In doing so the objective is clearly defined. Measures are tracked through action plans and internal company points of intersection ensure a stable work flow.<\/div><div>\u00a0<\/div><\/div><\/div><div class=\"tm-grid-expand uk-child-width-1-1 uk-grid-margin uk-grid uk-grid-stack\"><div class=\"uk-width-1-1@m uk-first-column\"><div id=\"page#1-3-0-0\" class=\"uk-panel uk-text-lead uk-margin-medium uk-text-justify\">The foundation stone for quality and the project is laid in the project phase. Throughout the project, the focus is placed on customer requirements and this perspective is transferred to the selection of materials, technologies, processes. To ensure quality and minimize risk, modern processes and methods such as simulation and mold flow analyses, advanced quality planning, elements for risk reduction \"FMEA\", and much more, are used.<\/div><div>\u00a0<\/div><\/div><\/div><div class=\"tm-grid-expand uk-child-width-1-1 uk-grid-margin uk-grid uk-grid-stack\"><div class=\"uk-width-1-1@m uk-first-column\"><div id=\"page#1-4-0-0\" class=\"uk-panel uk-text-lead uk-margin-medium\">In the planning of plastic or hybrid material assemblies, we intelligently combine components from the planned in-house production and components from suppliers. We integrate systems and our network partners in order to create additional value for our customers. We connect the value chains using smart logistics.<\/div><div>\u00a0<\/div><\/div><\/div><div class=\"tm-grid-expand uk-child-width-1-1 uk-grid-margin uk-grid uk-grid-stack\"><div class=\"uk-width-1-1@m uk-first-column\"><div id=\"page#1-5-0-0\" class=\"uk-panel uk-text-lead uk-margin-medium uk-text-justify\">For projects with assembly technology, we rely on smart solutions for all series - whether small or large. Manual, semi-automatic and fully automated solutions are created here. Deciding on the degree of automation for each project depends on quality, costs and the time allowance. One thing is certain, everything is possible. Customer service and professional coordination with our customers is the foundation for speed and high quality in the execution of projects.<\/div><\/div><\/div>\t\t\t\t\t\t\t\t<\/div>\n\t\t\t\t\t<\/div>\n\t\t\t\t<\/div>\n\t\t\t\t<\/div>","protected":false},"excerpt":{"rendered":"<p>Geschwindigkeit und Pr\u00e4zision im Projektmanagement sind der Schl\u00fcssel zum Erfolg. Um kundenspezifische L\u00f6sungen innerhalb eines engen und vorgegebenen Zeitfensters zu realisieren, wird [&hellip;]<\/p>\n","protected":false},"author":3,"featured_media":0,"parent":38,"menu_order":0,"comment_status":"closed","ping_status":"closed","template":"","meta":{"footnotes":""},"class_list":["post-46","page","type-page","status-publish","hentry"],"_links":{"self":[{"href":"https:\/\/potthoff.vogomedia.de\/en\/wp-json\/wp\/v2\/pages\/46","targetHints":{"allow":["GET"]}}],"collection":[{"href":"https:\/\/potthoff.vogomedia.de\/en\/wp-json\/wp\/v2\/pages"}],"about":[{"href":"https:\/\/potthoff.vogomedia.de\/en\/wp-json\/wp\/v2\/types\/page"}],"author":[{"embeddable":true,"href":"https:\/\/potthoff.vogomedia.de\/en\/wp-json\/wp\/v2\/users\/3"}],"replies":[{"embeddable":true,"href":"https:\/\/potthoff.vogomedia.de\/en\/wp-json\/wp\/v2\/comments?post=46"}],"version-history":[{"count":13,"href":"https:\/\/potthoff.vogomedia.de\/en\/wp-json\/wp\/v2\/pages\/46\/revisions"}],"predecessor-version":[{"id":517,"href":"https:\/\/potthoff.vogomedia.de\/en\/wp-json\/wp\/v2\/pages\/46\/revisions\/517"}],"up":[{"embeddable":true,"href":"https:\/\/potthoff.vogomedia.de\/en\/wp-json\/wp\/v2\/pages\/38"}],"wp:attachment":[{"href":"https:\/\/potthoff.vogomedia.de\/en\/wp-json\/wp\/v2\/media?parent=46"}],"curies":[{"name":"wp","href":"https:\/\/api.w.org\/{rel}","templated":true}]}}