{"id":50,"date":"2026-02-19T15:10:28","date_gmt":"2026-02-19T14:10:28","guid":{"rendered":"https:\/\/potthoff.vogomedia.de\/?page_id=50"},"modified":"2026-03-09T16:10:24","modified_gmt":"2026-03-09T15:10:24","slug":"qualitaetsmanagement","status":"publish","type":"page","link":"https:\/\/potthoff.vogomedia.de\/en\/leistungsspektrum\/qualitaetsmanagement\/","title":{"rendered":"Quality management"},"content":{"rendered":"<div data-elementor-type=\"wp-page\" data-elementor-id=\"50\" class=\"elementor elementor-50\" data-elementor-settings=\"{&quot;element_pack_global_tooltip_width&quot;:{&quot;unit&quot;:&quot;px&quot;,&quot;size&quot;:&quot;&quot;,&quot;sizes&quot;:[]},&quot;element_pack_global_tooltip_width_tablet&quot;:{&quot;unit&quot;:&quot;px&quot;,&quot;size&quot;:&quot;&quot;,&quot;sizes&quot;:[]},&quot;element_pack_global_tooltip_width_mobile&quot;:{&quot;unit&quot;:&quot;px&quot;,&quot;size&quot;:&quot;&quot;,&quot;sizes&quot;:[]},&quot;element_pack_global_tooltip_padding&quot;:{&quot;unit&quot;:&quot;px&quot;,&quot;top&quot;:&quot;&quot;,&quot;right&quot;:&quot;&quot;,&quot;bottom&quot;:&quot;&quot;,&quot;left&quot;:&quot;&quot;,&quot;isLinked&quot;:true},&quot;element_pack_global_tooltip_padding_tablet&quot;:{&quot;unit&quot;:&quot;px&quot;,&quot;top&quot;:&quot;&quot;,&quot;right&quot;:&quot;&quot;,&quot;bottom&quot;:&quot;&quot;,&quot;left&quot;:&quot;&quot;,&quot;isLinked&quot;:true},&quot;element_pack_global_tooltip_padding_mobile&quot;:{&quot;unit&quot;:&quot;px&quot;,&quot;top&quot;:&quot;&quot;,&quot;right&quot;:&quot;&quot;,&quot;bottom&quot;:&quot;&quot;,&quot;left&quot;:&quot;&quot;,&quot;isLinked&quot;:true},&quot;element_pack_global_tooltip_border_radius&quot;:{&quot;unit&quot;:&quot;px&quot;,&quot;top&quot;:&quot;&quot;,&quot;right&quot;:&quot;&quot;,&quot;bottom&quot;:&quot;&quot;,&quot;left&quot;:&quot;&quot;,&quot;isLinked&quot;:true},&quot;element_pack_global_tooltip_border_radius_tablet&quot;:{&quot;unit&quot;:&quot;px&quot;,&quot;top&quot;:&quot;&quot;,&quot;right&quot;:&quot;&quot;,&quot;bottom&quot;:&quot;&quot;,&quot;left&quot;:&quot;&quot;,&quot;isLinked&quot;:true},&quot;element_pack_global_tooltip_border_radius_mobile&quot;:{&quot;unit&quot;:&quot;px&quot;,&quot;top&quot;:&quot;&quot;,&quot;right&quot;:&quot;&quot;,&quot;bottom&quot;:&quot;&quot;,&quot;left&quot;:&quot;&quot;,&quot;isLinked&quot;:true}}\" data-elementor-post-type=\"page\">\n\t\t\t\t<div class=\"elementor-element elementor-element-c120f20 e-flex e-con-boxed e-con e-parent\" data-id=\"c120f20\" data-element_type=\"container\" data-e-type=\"container\">\n\t\t\t\t\t<div class=\"e-con-inner\">\n\t\t\t\t<div class=\"elementor-element elementor-element-0f1448c elementor-widget elementor-widget-image\" data-id=\"0f1448c\" data-element_type=\"widget\" data-e-type=\"widget\" data-widget_type=\"image.default\">\n\t\t\t\t\t\t\t\t\t\t\t\t\t\t\t<img fetchpriority=\"high\" decoding=\"async\" width=\"1000\" height=\"417\" src=\"https:\/\/potthoff.vogomedia.de\/wp-content\/uploads\/2026\/03\/qualitaetsmanagement-walter-potthoff-c93bc07f-1024x427.webp\" class=\"attachment-large size-large wp-image-340\" alt=\"\" srcset=\"https:\/\/potthoff.vogomedia.de\/wp-content\/uploads\/2026\/03\/qualitaetsmanagement-walter-potthoff-c93bc07f-1024x427.webp 1024w, https:\/\/potthoff.vogomedia.de\/wp-content\/uploads\/2026\/03\/qualitaetsmanagement-walter-potthoff-c93bc07f-300x125.webp 300w, https:\/\/potthoff.vogomedia.de\/wp-content\/uploads\/2026\/03\/qualitaetsmanagement-walter-potthoff-c93bc07f-768x320.webp 768w, https:\/\/potthoff.vogomedia.de\/wp-content\/uploads\/2026\/03\/qualitaetsmanagement-walter-potthoff-c93bc07f-1536x640.webp 1536w, https:\/\/potthoff.vogomedia.de\/wp-content\/uploads\/2026\/03\/qualitaetsmanagement-walter-potthoff-c93bc07f-18x8.webp 18w, https:\/\/potthoff.vogomedia.de\/wp-content\/uploads\/2026\/03\/qualitaetsmanagement-walter-potthoff-c93bc07f-650x271.webp 650w, https:\/\/potthoff.vogomedia.de\/wp-content\/uploads\/2026\/03\/qualitaetsmanagement-walter-potthoff-c93bc07f.webp 1920w\" sizes=\"(max-width: 1000px) 100vw, 1000px\" \/>\t\t\t\t\t\t\t\t\t\t\t\t\t\t\t<\/div>\n\t\t\t\t\t<\/div>\n\t\t\t\t<\/div>\n\t\t<div class=\"elementor-element elementor-element-bb0ca6c e-flex e-con-boxed e-con e-parent\" data-id=\"bb0ca6c\" data-element_type=\"container\" data-e-type=\"container\">\n\t\t\t\t\t<div class=\"e-con-inner\">\n\t\t\t\t<div class=\"elementor-element elementor-element-c097426 elementor-widget elementor-widget-heading\" data-id=\"c097426\" data-element_type=\"widget\" data-e-type=\"widget\" data-widget_type=\"heading.default\">\n\t\t\t\t\t<h1 class=\"elementor-heading-title elementor-size-default\">Perfect quality requires a comprehensive approach\n<\/h1>\t\t\t\t<\/div>\n\t\t\t\t<div class=\"elementor-element elementor-element-8a5030f elementor-widget elementor-widget-text-editor\" data-id=\"8a5030f\" data-element_type=\"widget\" data-e-type=\"widget\" data-widget_type=\"text-editor.default\">\n\t\t\t\t\t\t\t\t\t<div id=\"page#1-1-0-1\" class=\"uk-panel uk-text-lead uk-margin-medium uk-text-justify\">Quality is not a product of coincidence, but from structured thinking and consistent action. This is the only way we can achieve the level of 1 PPM in part quality.<\/div><div>\u00a0<\/div><div id=\"page#1-1-0-2\" class=\"uk-panel uk-text-lead uk-margin-medium uk-text-justify\">In order to always achieve consistent quality at a high level, Walter Potthoff GmbH uses a TQ management system in the areas of\u00a0<a href=\"https:\/\/w-potthoff.de\/leistungsspektrum\/entwicklung\">Development<\/a>,\u00a0<a href=\"https:\/\/w-potthoff.de\/leistungsspektrum\/werkzeugbau\">Tool engineering<\/a>\u00a0and\u00a0<a href=\"https:\/\/w-potthoff.de\/leistungsspektrum\/fertigung\">Assembly<\/a>\u00a0. In addition, the process cycle for a project is always viewed in its entirety and consistently mirrored in risk management. As a result of this, continuous traceability is possible at the same time.<\/div><div id=\"page#1-1-0-2\" class=\"uk-panel uk-text-lead uk-margin-medium uk-text-justify\">\u00a0<\/div><div id=\"page#1-1-0-2\" class=\"uk-panel uk-text-lead uk-margin-medium uk-text-justify\">Of course, the delivery of our own quality standards is confirmed by\u00a0<a href=\"https:\/\/w-potthoff.de\/de\/zertifikate\">Certificates<\/a>\u00a0awarded to us from T\u00dcV Nord. In the area of quality management for the design and manufacture of medical devices in accordance with\u00a0<strong class=\"strongpotthoff\">DIN EN ISO 13485<\/strong>, in environmental management in accordance with\u00a0<strong class=\"strongpotthoff\">DIN EN ISO 14001<\/strong>\u00a0and in energy management in accordance with\u00a0<strong class=\"strongpotthoff\">DIN EN ISO 50001<\/strong>. Necessary certifications beyond that are categorically implemented as required.<\/div>\t\t\t\t\t\t\t\t<\/div>\n\t\t\t\t\t<\/div>\n\t\t\t\t<\/div>\n\t\t\t\t<\/div>","protected":false},"excerpt":{"rendered":"<p>Perfekte Qualit\u00e4t erfordert eine ganzheitliche Betrachtung Qualit\u00e4t entsteht nicht durch Zuf\u00e4lligkeiten sondern durch strukturiertes Denken und konsequentes Handeln. Und nur so gelingt [&hellip;]<\/p>\n","protected":false},"author":3,"featured_media":0,"parent":38,"menu_order":0,"comment_status":"closed","ping_status":"closed","template":"","meta":{"footnotes":""},"class_list":["post-50","page","type-page","status-publish","hentry"],"_links":{"self":[{"href":"https:\/\/potthoff.vogomedia.de\/en\/wp-json\/wp\/v2\/pages\/50","targetHints":{"allow":["GET"]}}],"collection":[{"href":"https:\/\/potthoff.vogomedia.de\/en\/wp-json\/wp\/v2\/pages"}],"about":[{"href":"https:\/\/potthoff.vogomedia.de\/en\/wp-json\/wp\/v2\/types\/page"}],"author":[{"embeddable":true,"href":"https:\/\/potthoff.vogomedia.de\/en\/wp-json\/wp\/v2\/users\/3"}],"replies":[{"embeddable":true,"href":"https:\/\/potthoff.vogomedia.de\/en\/wp-json\/wp\/v2\/comments?post=50"}],"version-history":[{"count":16,"href":"https:\/\/potthoff.vogomedia.de\/en\/wp-json\/wp\/v2\/pages\/50\/revisions"}],"predecessor-version":[{"id":523,"href":"https:\/\/potthoff.vogomedia.de\/en\/wp-json\/wp\/v2\/pages\/50\/revisions\/523"}],"up":[{"embeddable":true,"href":"https:\/\/potthoff.vogomedia.de\/en\/wp-json\/wp\/v2\/pages\/38"}],"wp:attachment":[{"href":"https:\/\/potthoff.vogomedia.de\/en\/wp-json\/wp\/v2\/media?parent=50"}],"curies":[{"name":"wp","href":"https:\/\/api.w.org\/{rel}","templated":true}]}}