{"id":58,"date":"2026-02-19T15:11:42","date_gmt":"2026-02-19T14:11:42","guid":{"rendered":"https:\/\/potthoff.vogomedia.de\/?page_id=58"},"modified":"2026-03-09T15:21:52","modified_gmt":"2026-03-09T14:21:52","slug":"firmenphilosophie","status":"publish","type":"page","link":"https:\/\/potthoff.vogomedia.de\/en\/unternehmen\/firmenphilosophie\/","title":{"rendered":"Company Values"},"content":{"rendered":"<div data-elementor-type=\"wp-page\" data-elementor-id=\"58\" class=\"elementor elementor-58\" data-elementor-settings=\"{&quot;element_pack_global_tooltip_width&quot;:{&quot;unit&quot;:&quot;px&quot;,&quot;size&quot;:&quot;&quot;,&quot;sizes&quot;:[]},&quot;element_pack_global_tooltip_width_tablet&quot;:{&quot;unit&quot;:&quot;px&quot;,&quot;size&quot;:&quot;&quot;,&quot;sizes&quot;:[]},&quot;element_pack_global_tooltip_width_mobile&quot;:{&quot;unit&quot;:&quot;px&quot;,&quot;size&quot;:&quot;&quot;,&quot;sizes&quot;:[]},&quot;element_pack_global_tooltip_padding&quot;:{&quot;unit&quot;:&quot;px&quot;,&quot;top&quot;:&quot;&quot;,&quot;right&quot;:&quot;&quot;,&quot;bottom&quot;:&quot;&quot;,&quot;left&quot;:&quot;&quot;,&quot;isLinked&quot;:true},&quot;element_pack_global_tooltip_padding_tablet&quot;:{&quot;unit&quot;:&quot;px&quot;,&quot;top&quot;:&quot;&quot;,&quot;right&quot;:&quot;&quot;,&quot;bottom&quot;:&quot;&quot;,&quot;left&quot;:&quot;&quot;,&quot;isLinked&quot;:true},&quot;element_pack_global_tooltip_padding_mobile&quot;:{&quot;unit&quot;:&quot;px&quot;,&quot;top&quot;:&quot;&quot;,&quot;right&quot;:&quot;&quot;,&quot;bottom&quot;:&quot;&quot;,&quot;left&quot;:&quot;&quot;,&quot;isLinked&quot;:true},&quot;element_pack_global_tooltip_border_radius&quot;:{&quot;unit&quot;:&quot;px&quot;,&quot;top&quot;:&quot;&quot;,&quot;right&quot;:&quot;&quot;,&quot;bottom&quot;:&quot;&quot;,&quot;left&quot;:&quot;&quot;,&quot;isLinked&quot;:true},&quot;element_pack_global_tooltip_border_radius_tablet&quot;:{&quot;unit&quot;:&quot;px&quot;,&quot;top&quot;:&quot;&quot;,&quot;right&quot;:&quot;&quot;,&quot;bottom&quot;:&quot;&quot;,&quot;left&quot;:&quot;&quot;,&quot;isLinked&quot;:true},&quot;element_pack_global_tooltip_border_radius_mobile&quot;:{&quot;unit&quot;:&quot;px&quot;,&quot;top&quot;:&quot;&quot;,&quot;right&quot;:&quot;&quot;,&quot;bottom&quot;:&quot;&quot;,&quot;left&quot;:&quot;&quot;,&quot;isLinked&quot;:true}}\" data-elementor-post-type=\"page\">\n\t\t\t\t<div class=\"elementor-element elementor-element-e677ab2 e-flex e-con-boxed e-con e-parent\" data-id=\"e677ab2\" data-element_type=\"container\" data-e-type=\"container\">\n\t\t\t\t\t<div class=\"e-con-inner\">\n\t\t\t\t<div class=\"elementor-element elementor-element-f1edb96 elementor-widget elementor-widget-image\" data-id=\"f1edb96\" data-element_type=\"widget\" data-e-type=\"widget\" data-widget_type=\"image.default\">\n\t\t\t\t\t\t\t\t\t\t\t\t\t\t\t<img fetchpriority=\"high\" decoding=\"async\" width=\"1000\" height=\"417\" src=\"https:\/\/potthoff.vogomedia.de\/wp-content\/uploads\/2026\/03\/firmenphilosophie-walter-potthoff-8b639011-1024x427.webp\" class=\"attachment-large size-large wp-image-265\" alt=\"\" srcset=\"https:\/\/potthoff.vogomedia.de\/wp-content\/uploads\/2026\/03\/firmenphilosophie-walter-potthoff-8b639011-1024x427.webp 1024w, https:\/\/potthoff.vogomedia.de\/wp-content\/uploads\/2026\/03\/firmenphilosophie-walter-potthoff-8b639011-300x125.webp 300w, https:\/\/potthoff.vogomedia.de\/wp-content\/uploads\/2026\/03\/firmenphilosophie-walter-potthoff-8b639011-768x320.webp 768w, https:\/\/potthoff.vogomedia.de\/wp-content\/uploads\/2026\/03\/firmenphilosophie-walter-potthoff-8b639011-1536x640.webp 1536w, https:\/\/potthoff.vogomedia.de\/wp-content\/uploads\/2026\/03\/firmenphilosophie-walter-potthoff-8b639011-18x8.webp 18w, https:\/\/potthoff.vogomedia.de\/wp-content\/uploads\/2026\/03\/firmenphilosophie-walter-potthoff-8b639011-650x271.webp 650w, https:\/\/potthoff.vogomedia.de\/wp-content\/uploads\/2026\/03\/firmenphilosophie-walter-potthoff-8b639011.webp 1920w\" sizes=\"(max-width: 1000px) 100vw, 1000px\" \/>\t\t\t\t\t\t\t\t\t\t\t\t\t\t\t<\/div>\n\t\t\t\t\t<\/div>\n\t\t\t\t<\/div>\n\t\t<div class=\"elementor-element elementor-element-aea896e e-flex e-con-boxed e-con e-parent\" data-id=\"aea896e\" data-element_type=\"container\" data-e-type=\"container\">\n\t\t\t\t\t<div class=\"e-con-inner\">\n\t\t\t\t<div class=\"elementor-element elementor-element-bde8252 elementor-widget elementor-widget-heading\" data-id=\"bde8252\" data-element_type=\"widget\" data-e-type=\"widget\" data-widget_type=\"heading.default\">\n\t\t\t\t\t<h1 class=\"elementor-heading-title elementor-size-default\">Satisfied customers as a result of quality, innovation and technology\n<\/h1>\t\t\t\t<\/div>\n\t\t\t\t<div class=\"elementor-element elementor-element-a2eeb0e elementor-widget elementor-widget-text-editor\" data-id=\"a2eeb0e\" data-element_type=\"widget\" data-e-type=\"widget\" data-widget_type=\"text-editor.default\">\n\t\t\t\t\t\t\t\t\tThe customer resides in the center of our daily work and we strive to satisfy them by optimally combining quality, innovative strength, team spirit and a constant drive for improvement. We use elements from quality management, lean management and industry standard 4.0 in all areas of the company. Our products are innovative, our processes are streamlined and our machines and systems are standardized. Walter Potthoff GmbH is certified in quality management (DIN EN ISO 13485 and DIN EN ISO 9001), as well as environmental management (DIN EN ISO 14001) and energy management (DIN EN ISO 50001). Our teams are diversely composed and motivated to continuously develop our company and deliver the best solutions for our customers. We pledge sustainability. As a family company, we take our social responsibility seriously and recognize the long-term commitment to Germany as a manufacturing location as an important contribution to this sustainability. We believe that companies in Europe also need suppliers from Europe in order to find efficient solutions over short distances and to sustainably further business in harmony with the environment. Efficiency and short distances are a good basis for sustainable environmental protection.\t\t\t\t\t\t\t\t<\/div>\n\t\t\t\t\t<\/div>\n\t\t\t\t<\/div>\n\t\t<div class=\"elementor-element elementor-element-fc61b3c e-flex e-con-boxed e-con e-parent\" data-id=\"fc61b3c\" data-element_type=\"container\" data-e-type=\"container\">\n\t\t\t\t\t<div class=\"e-con-inner\">\n\t\t\t\t<div class=\"elementor-element elementor-element-93c2551 elementor-widget elementor-widget-image\" data-id=\"93c2551\" data-element_type=\"widget\" data-e-type=\"widget\" data-widget_type=\"image.default\">\n\t\t\t\t\t\t\t\t\t\t\t\t\t\t\t<img decoding=\"async\" width=\"1000\" height=\"475\" src=\"https:\/\/potthoff.vogomedia.de\/wp-content\/uploads\/2026\/03\/kunden-grafik-en-9bae5c81.webp\" class=\"attachment-large size-large wp-image-266\" alt=\"\" srcset=\"https:\/\/potthoff.vogomedia.de\/wp-content\/uploads\/2026\/03\/kunden-grafik-en-9bae5c81.webp 1920w, https:\/\/potthoff.vogomedia.de\/wp-content\/uploads\/2026\/03\/kunden-grafik-en-9bae5c81-300x143.webp 300w, https:\/\/potthoff.vogomedia.de\/wp-content\/uploads\/2026\/03\/kunden-grafik-en-9bae5c81-1024x486.webp 1024w, https:\/\/potthoff.vogomedia.de\/wp-content\/uploads\/2026\/03\/kunden-grafik-en-9bae5c81-768x365.webp 768w, https:\/\/potthoff.vogomedia.de\/wp-content\/uploads\/2026\/03\/kunden-grafik-en-9bae5c81-1536x730.webp 1536w, https:\/\/potthoff.vogomedia.de\/wp-content\/uploads\/2026\/03\/kunden-grafik-en-9bae5c81-18x9.webp 18w, https:\/\/potthoff.vogomedia.de\/wp-content\/uploads\/2026\/03\/kunden-grafik-en-9bae5c81-650x309.webp 650w\" sizes=\"(max-width: 1000px) 100vw, 1000px\" \/>\t\t\t\t\t\t\t\t\t\t\t\t\t\t\t<\/div>\n\t\t\t\t\t<\/div>\n\t\t\t\t<\/div>\n\t\t\t\t<\/div>","protected":false},"excerpt":{"rendered":"<p>Zufriedene Kunden durch Qualit\u00e4t, Innovation und Technik Im Zentrum unserer t\u00e4glichen Arbeit steht der Kunde, den wir durch die optimale Verkn\u00fcpfung von [&hellip;]<\/p>\n","protected":false},"author":3,"featured_media":0,"parent":56,"menu_order":0,"comment_status":"closed","ping_status":"closed","template":"","meta":{"footnotes":""},"class_list":["post-58","page","type-page","status-publish","hentry"],"_links":{"self":[{"href":"https:\/\/potthoff.vogomedia.de\/en\/wp-json\/wp\/v2\/pages\/58","targetHints":{"allow":["GET"]}}],"collection":[{"href":"https:\/\/potthoff.vogomedia.de\/en\/wp-json\/wp\/v2\/pages"}],"about":[{"href":"https:\/\/potthoff.vogomedia.de\/en\/wp-json\/wp\/v2\/types\/page"}],"author":[{"embeddable":true,"href":"https:\/\/potthoff.vogomedia.de\/en\/wp-json\/wp\/v2\/users\/3"}],"replies":[{"embeddable":true,"href":"https:\/\/potthoff.vogomedia.de\/en\/wp-json\/wp\/v2\/comments?post=58"}],"version-history":[{"count":7,"href":"https:\/\/potthoff.vogomedia.de\/en\/wp-json\/wp\/v2\/pages\/58\/revisions"}],"predecessor-version":[{"id":484,"href":"https:\/\/potthoff.vogomedia.de\/en\/wp-json\/wp\/v2\/pages\/58\/revisions\/484"}],"up":[{"embeddable":true,"href":"https:\/\/potthoff.vogomedia.de\/en\/wp-json\/wp\/v2\/pages\/56"}],"wp:attachment":[{"href":"https:\/\/potthoff.vogomedia.de\/en\/wp-json\/wp\/v2\/media?parent=58"}],"curies":[{"name":"wp","href":"https:\/\/api.w.org\/{rel}","templated":true}]}}