{"id":68,"date":"2026-02-19T15:13:00","date_gmt":"2026-02-19T14:13:00","guid":{"rendered":"https:\/\/potthoff.vogomedia.de\/?page_id=68"},"modified":"2026-03-09T16:17:45","modified_gmt":"2026-03-09T15:17:45","slug":"offene-stellen","status":"publish","type":"page","link":"https:\/\/potthoff.vogomedia.de\/en\/mensch-karriere\/offene-stellen\/","title":{"rendered":"Vacancies"},"content":{"rendered":"<div data-elementor-type=\"wp-page\" data-elementor-id=\"68\" class=\"elementor elementor-68\" data-elementor-settings=\"{&quot;element_pack_global_tooltip_width&quot;:{&quot;unit&quot;:&quot;px&quot;,&quot;size&quot;:&quot;&quot;,&quot;sizes&quot;:[]},&quot;element_pack_global_tooltip_width_tablet&quot;:{&quot;unit&quot;:&quot;px&quot;,&quot;size&quot;:&quot;&quot;,&quot;sizes&quot;:[]},&quot;element_pack_global_tooltip_width_mobile&quot;:{&quot;unit&quot;:&quot;px&quot;,&quot;size&quot;:&quot;&quot;,&quot;sizes&quot;:[]},&quot;element_pack_global_tooltip_padding&quot;:{&quot;unit&quot;:&quot;px&quot;,&quot;top&quot;:&quot;&quot;,&quot;right&quot;:&quot;&quot;,&quot;bottom&quot;:&quot;&quot;,&quot;left&quot;:&quot;&quot;,&quot;isLinked&quot;:true},&quot;element_pack_global_tooltip_padding_tablet&quot;:{&quot;unit&quot;:&quot;px&quot;,&quot;top&quot;:&quot;&quot;,&quot;right&quot;:&quot;&quot;,&quot;bottom&quot;:&quot;&quot;,&quot;left&quot;:&quot;&quot;,&quot;isLinked&quot;:true},&quot;element_pack_global_tooltip_padding_mobile&quot;:{&quot;unit&quot;:&quot;px&quot;,&quot;top&quot;:&quot;&quot;,&quot;right&quot;:&quot;&quot;,&quot;bottom&quot;:&quot;&quot;,&quot;left&quot;:&quot;&quot;,&quot;isLinked&quot;:true},&quot;element_pack_global_tooltip_border_radius&quot;:{&quot;unit&quot;:&quot;px&quot;,&quot;top&quot;:&quot;&quot;,&quot;right&quot;:&quot;&quot;,&quot;bottom&quot;:&quot;&quot;,&quot;left&quot;:&quot;&quot;,&quot;isLinked&quot;:true},&quot;element_pack_global_tooltip_border_radius_tablet&quot;:{&quot;unit&quot;:&quot;px&quot;,&quot;top&quot;:&quot;&quot;,&quot;right&quot;:&quot;&quot;,&quot;bottom&quot;:&quot;&quot;,&quot;left&quot;:&quot;&quot;,&quot;isLinked&quot;:true},&quot;element_pack_global_tooltip_border_radius_mobile&quot;:{&quot;unit&quot;:&quot;px&quot;,&quot;top&quot;:&quot;&quot;,&quot;right&quot;:&quot;&quot;,&quot;bottom&quot;:&quot;&quot;,&quot;left&quot;:&quot;&quot;,&quot;isLinked&quot;:true}}\" data-elementor-post-type=\"page\">\n\t\t\t\t<div class=\"elementor-element elementor-element-1d4ad2a e-flex e-con-boxed e-con e-parent\" data-id=\"1d4ad2a\" data-element_type=\"container\" data-e-type=\"container\">\n\t\t\t\t\t<div class=\"e-con-inner\">\n\t\t<div class=\"elementor-element elementor-element-b869c2b e-con-full e-flex e-con e-child\" data-id=\"b869c2b\" data-element_type=\"container\" data-e-type=\"container\">\n\t\t<div class=\"elementor-element elementor-element-26e559a e-con-full e-flex e-con e-child\" data-id=\"26e559a\" data-element_type=\"container\" data-e-type=\"container\">\n\t\t\t\t<div class=\"elementor-element elementor-element-73ec109 elementor-widget elementor-widget-image\" data-id=\"73ec109\" data-element_type=\"widget\" data-e-type=\"widget\" data-widget_type=\"image.default\">\n\t\t\t\t\t\t\t\t\t\t\t\t\t\t\t<img fetchpriority=\"high\" decoding=\"async\" width=\"1000\" height=\"417\" src=\"https:\/\/potthoff.vogomedia.de\/wp-content\/uploads\/2026\/03\/warum-zu-walter-potthoff-3a8e9272-1024x427.webp\" class=\"attachment-large size-large wp-image-248\" alt=\"\" srcset=\"https:\/\/potthoff.vogomedia.de\/wp-content\/uploads\/2026\/03\/warum-zu-walter-potthoff-3a8e9272-1024x427.webp 1024w, https:\/\/potthoff.vogomedia.de\/wp-content\/uploads\/2026\/03\/warum-zu-walter-potthoff-3a8e9272-300x125.webp 300w, https:\/\/potthoff.vogomedia.de\/wp-content\/uploads\/2026\/03\/warum-zu-walter-potthoff-3a8e9272-768x320.webp 768w, https:\/\/potthoff.vogomedia.de\/wp-content\/uploads\/2026\/03\/warum-zu-walter-potthoff-3a8e9272-1536x640.webp 1536w, https:\/\/potthoff.vogomedia.de\/wp-content\/uploads\/2026\/03\/warum-zu-walter-potthoff-3a8e9272-18x8.webp 18w, https:\/\/potthoff.vogomedia.de\/wp-content\/uploads\/2026\/03\/warum-zu-walter-potthoff-3a8e9272-650x271.webp 650w, https:\/\/potthoff.vogomedia.de\/wp-content\/uploads\/2026\/03\/warum-zu-walter-potthoff-3a8e9272.webp 1920w\" sizes=\"(max-width: 1000px) 100vw, 1000px\" \/>\t\t\t\t\t\t\t\t\t\t\t\t\t\t\t<\/div>\n\t\t\t\t<\/div>\n\t\t<div class=\"elementor-element elementor-element-4089cf3 e-con-full e-flex e-con e-child\" data-id=\"4089cf3\" data-element_type=\"container\" data-e-type=\"container\">\n\t\t\t\t<div class=\"elementor-element elementor-element-9184d76 elementor-widget elementor-widget-heading\" data-id=\"9184d76\" data-element_type=\"widget\" data-e-type=\"widget\" data-widget_type=\"heading.default\">\n\t\t\t\t\t<h1 class=\"elementor-heading-title elementor-size-default\">We want you to join our team!<\/h1>\t\t\t\t<\/div>\n\t\t\t\t<div class=\"elementor-element elementor-element-4d37f47 elementor-widget elementor-widget-text-editor\" data-id=\"4d37f47\" data-element_type=\"widget\" data-e-type=\"widget\" data-widget_type=\"text-editor.default\">\n\t\t\t\t\t\t\t\t\t<p>We are regularly looking for strong personalities to strengthen our individual teams. You can find our current vacancies below, but we also welcome speculative applications by\u00a0<span style=\"text-decoration: underline;\"><span id=\"cloakc6359d50b2bfc106c96916ee276785e0\"><a href=\"mailto:personal@w-potthoff.de\">Email<\/a><\/span><\/span>.<\/p>\t\t\t\t\t\t\t\t<\/div>\n\t\t\t\t<\/div>\n\t\t\t\t<\/div>\n\t\t<div class=\"elementor-element elementor-element-9880117 e-con-full e-flex e-con e-child\" data-id=\"9880117\" data-element_type=\"container\" data-e-type=\"container\" data-settings=\"{&quot;background_background&quot;:&quot;classic&quot;}\">\n\t\t\t\t<div class=\"elementor-element elementor-element-c51d18f elementor-widget elementor-widget-text-editor\" data-id=\"c51d18f\" data-element_type=\"widget\" data-e-type=\"widget\" data-widget_type=\"text-editor.default\">\n\t\t\t\t\t\t\t\t\tWe are a family-run technology company with approximately 80 employees. We are leaders in the manufacture of plastic components, assemblies and systems for medical and industrial technology.\t\t\t\t\t\t\t\t<\/div>\n\t\t\t\t<\/div>\n\t\t\t\t\t<\/div>\n\t\t\t\t<\/div>\n\t\t<div class=\"elementor-element elementor-element-a8f079a e-flex e-con-boxed e-con e-parent\" data-id=\"a8f079a\" data-element_type=\"container\" data-e-type=\"container\">\n\t\t\t\t\t<div class=\"e-con-inner\">\n\t\t\t\t<div class=\"elementor-element elementor-element-8138af8 elementor-widget elementor-widget-heading\" data-id=\"8138af8\" data-element_type=\"widget\" data-e-type=\"widget\" data-widget_type=\"heading.default\">\n\t\t\t\t\t<h1 class=\"elementor-heading-title elementor-size-default\">Vacancies<\/h1>\t\t\t\t<\/div>\n\t\t\t\t<div class=\"elementor-element elementor-element-ecdad13 elementor-widget elementor-widget-text-editor\" data-id=\"ecdad13\" data-element_type=\"widget\" data-e-type=\"widget\" data-widget_type=\"text-editor.default\">\n\t\t\t\t\t\t\t\t\t<p>Ready for new challenges?<br \/>Unsere aktuellen, offenen Stellenangebote finden Sie hier.<\/p>\t\t\t\t\t\t\t\t<\/div>\n\t\t\t\t<div class=\"elementor-element elementor-element-ff02d7c elementor-widget elementor-widget-button\" data-id=\"ff02d7c\" data-element_type=\"widget\" data-e-type=\"widget\" data-widget_type=\"button.default\">\n\t\t\t\t\t\t\t\t\t\t<a class=\"elementor-button elementor-button-link elementor-size-sm\" href=\"https:\/\/www.karriere-suedwestfalen.de\/walter-potthoff\/stellenangebote\" target=\"_blank\">\n\t\t\t\t\t\t<span class=\"elementor-button-content-wrapper\">\n\t\t\t\t\t\t\t\t\t<span class=\"elementor-button-text\">Karriere S\u00fcdwestfalen<\/span>\n\t\t\t\t\t<\/span>\n\t\t\t\t\t<\/a>\n\t\t\t\t\t\t\t\t<\/div>\n\t\t\t\t\t<\/div>\n\t\t\t\t<\/div>\n\t\t\t\t<\/div>","protected":false},"excerpt":{"rendered":"<p>Wir suchen Dich! Wir sind regelm\u00e4\u00dfig auf der Suche nach starken Pers\u00f6nlichkeiten zur Verst\u00e4rkung unseres individuellen Teams. Unsere aktuellen Stellenangebote finden Sie [&hellip;]<\/p>\n","protected":false},"author":3,"featured_media":0,"parent":64,"menu_order":0,"comment_status":"closed","ping_status":"closed","template":"","meta":{"footnotes":""},"class_list":["post-68","page","type-page","status-publish","hentry"],"_links":{"self":[{"href":"https:\/\/potthoff.vogomedia.de\/en\/wp-json\/wp\/v2\/pages\/68","targetHints":{"allow":["GET"]}}],"collection":[{"href":"https:\/\/potthoff.vogomedia.de\/en\/wp-json\/wp\/v2\/pages"}],"about":[{"href":"https:\/\/potthoff.vogomedia.de\/en\/wp-json\/wp\/v2\/types\/page"}],"author":[{"embeddable":true,"href":"https:\/\/potthoff.vogomedia.de\/en\/wp-json\/wp\/v2\/users\/3"}],"replies":[{"embeddable":true,"href":"https:\/\/potthoff.vogomedia.de\/en\/wp-json\/wp\/v2\/comments?post=68"}],"version-history":[{"count":7,"href":"https:\/\/potthoff.vogomedia.de\/en\/wp-json\/wp\/v2\/pages\/68\/revisions"}],"predecessor-version":[{"id":548,"href":"https:\/\/potthoff.vogomedia.de\/en\/wp-json\/wp\/v2\/pages\/68\/revisions\/548"}],"up":[{"embeddable":true,"href":"https:\/\/potthoff.vogomedia.de\/en\/wp-json\/wp\/v2\/pages\/64"}],"wp:attachment":[{"href":"https:\/\/potthoff.vogomedia.de\/en\/wp-json\/wp\/v2\/media?parent=68"}],"curies":[{"name":"wp","href":"https:\/\/api.w.org\/{rel}","templated":true}]}}